{"id":69,"date":"2024-08-29T14:40:51","date_gmt":"2024-08-29T14:40:51","guid":{"rendered":"https:\/\/www.polipolina.com\/?page_id=69"},"modified":"2025-01-14T15:04:42","modified_gmt":"2025-01-14T15:04:42","slug":"euroopan-historia","status":"publish","type":"page","link":"https:\/\/www.polipolina.com\/index.php\/kirjat\/euroopan-historia\/","title":{"rendered":"20 kirjaa Euroopan historiasta"},"content":{"rendered":"\n<p>Otin loppukes\u00e4st\u00e4 tavoittaakseni lukea 20 kirjaa Euroopan historiasta vuoden loppuun menness\u00e4. Otin vapaudekseni m\u00e4\u00e4ritell\u00e4 t\u00e4m\u00e4n liberaalisti haluamallani tavalla. Kirjat voivat olla my\u00f6s lyhyit\u00e4. Lista luetuista kirjoista:<\/p>\n\n\n\n<ol class=\"wp-block-list\">\n<li><strong><a href=\"https:\/\/www.polipolina.com\/index.php\/2024\/08\/29\/valko-venaja-haava-euroopan-sydamessa\/\" data-type=\"post\" data-id=\"11\">Jussi Niemel\u00e4isen: Valko-Ven\u00e4j\u00e4 \u2013 Haava Euroopan syd\u00e4mess\u00e4<\/a> <\/strong>(2022) <\/li>\n\n\n\n<li><strong>Jo<a href=\"https:\/\/www.polipolina.com\/index.php\/2024\/09\/01\/italian-historia\/\" data-type=\"post\" data-id=\"21\">hn Foot: The Archipelago: Italy Since 1945<\/a><\/strong> (2018). <\/li>\n\n\n\n<li><strong><a href=\"https:\/\/www.polipolina.com\/index.php\/2024\/09\/05\/valko-venaja-vaiettu-historia\/\" data-type=\"post\" data-id=\"30\">Toni Stenstr\u00f6m: Valko-Ven\u00e4j\u00e4n vaiettu historia<\/a><\/strong> (2023)<\/li>\n\n\n\n<li><strong><a href=\"https:\/\/www.polipolina.com\/index.php\/2024\/09\/10\/hyvasti-ita-eurooppa\/\" data-type=\"post\" data-id=\"36\">Jacob Mikanowski: Goodbye, Eastern Europe(<\/a><\/strong> 2023) <\/li>\n\n\n\n<li><strong><a href=\"https:\/\/www.polipolina.com\/index.php\/2024\/09\/16\/viisi-matkaa-saksan-sieluun\/\" data-type=\"post\" data-id=\"47\">Jukka Koskelainen: Viisi matkaa Saksan sieluun<\/a><\/strong> (2021)<\/li>\n\n\n\n<li><strong><a href=\"https:\/\/www.polipolina.com\/index.php\/2024\/09\/19\/machiavelli-ruhtinas\/\" data-type=\"post\" data-id=\"52\">Nicolo Machiavelli: Ruhtinas(<\/a><\/strong>1532, 2021 suomennos)<\/li>\n\n\n\n<li><strong><a href=\"https:\/\/www.polipolina.com\/index.php\/2024\/09\/25\/bader-meinhof-ja-fischer\/\" data-type=\"post\" data-id=\"55\">Katriina Lehto: Bleckert: Tulisielut<\/a> <\/strong>(2021)<\/li>\n\n\n\n<li><a href=\"https:\/\/www.polipolina.com\/index.php\/2024\/10\/02\/eurooppa-poliittisen-yhteison-historia\/\"><strong>Timo Miettinen:<\/strong> <strong>Eurooppa \u2013 Poliittisen yhteis\u00f6n historia<\/strong><\/a> (2021)<\/li>\n\n\n\n<li><strong><a href=\"https:\/\/www.polipolina.com\/index.php\/2024\/10\/08\/euroopan-taloushistoria\/\" data-type=\"post\" data-id=\"88\">Philipp Ther: Euroopan historia vuodesta 1989 &#8211; Uusi talousj\u00e4rjestys<\/a><\/strong> (2019)<\/li>\n\n\n\n<li><strong><a href=\"https:\/\/www.polipolina.com\/index.php\/2024\/10\/12\/albanian-historia\/\" data-type=\"post\" data-id=\"126\">Lea Ypi: Free: Coming of Age at the End of History<\/a><\/strong> (2021)<\/li>\n\n\n\n<li><strong><a href=\"https:\/\/www.polipolina.com\/index.php\/2024\/10\/18\/ristiretket\/\" data-type=\"post\" data-id=\"193\">Aleksi Peura: Uskon Ritarit &#8211; Ristiretkien historiaa <\/a><\/strong>(2021)<\/li>\n\n\n\n<li><strong><a href=\"https:\/\/www.polipolina.com\/index.php\/2024\/10\/29\/modernin-kreikan-historia\/\" data-type=\"post\" data-id=\"273\">Roderick Beaton: Greece &#8211; Biography of a modern nation<\/a><\/strong> (2019)<\/li>\n\n\n\n<li><strong><a href=\"https:\/\/www.polipolina.com\/index.php\/2024\/11\/03\/balttian-maiden-historia\/\" data-type=\"post\" data-id=\"356\">Andres Kasekamp Baltian historia<\/a><\/strong>(2020)<\/li>\n\n\n\n<li><a href=\"https:\/\/www.polipolina.com\/index.php\/2024\/11\/11\/romanian-historia\/\" data-type=\"post\" data-id=\"453\"><strong>Paul Kenyon<\/strong> <strong>Children of the Night: The Strange and Epic Story of Modern Romania<\/strong><\/a> (2021)<\/li>\n\n\n\n<li><strong><a href=\"https:\/\/www.polipolina.com\/index.php\/2024\/11\/22\/portugali-loytoretket\/\" data-type=\"post\" data-id=\"581\">Roger Crowley  Conquerors: How Portugal forged the first global empire<\/a><\/strong> (2015)<\/li>\n\n\n\n<li><strong><a href=\"https:\/\/www.polipolina.com\/index.php\/2024\/11\/27\/saksan-imperiumin-synty-1871-1918\/\" data-type=\"post\" data-id=\"678\">Katja Hoyer Blood and Iron The Rise and Fall of the German Empire 1871\u20131918<\/a><\/strong> (2021)<\/li>\n\n\n\n<li><a href=\"https:\/\/www.polipolina.com\/index.php\/2024\/12\/05\/dolce-vita-confidential\/\" data-type=\"post\" data-id=\"722\"><strong>Shawn Levy Dolce Vita Confidential: Fellini, Loren, Pucci, Paparazzi, and the Swinging High Life of 1950s Rome<\/strong> <\/a>(2017)<\/li>\n\n\n\n<li><strong><a href=\"https:\/\/www.polipolina.com\/index.php\/2024\/12\/16\/stefan-zweig-eilispaivan-maailma\/\" data-type=\"post\" data-id=\"854\">Stefan Zweig The World of Yesterday &#8211; Memoir of a European<\/a><\/strong> (1942)<\/li>\n\n\n\n<li><strong><a href=\"https:\/\/www.polipolina.com\/index.php\/2024\/12\/19\/mustat-vuodet-uusfasismi-italiassa-1945-2016\/\" data-type=\"post\" data-id=\"1027\">Anton Monti Mustat vuodet &#8211; Uusfasismi Italiassa 1945-2016<\/a><\/strong> (2017)<\/li>\n\n\n\n<li><strong><a href=\"https:\/\/www.polipolina.com\/index.php\/2024\/12\/30\/ddrn-historia\/\" data-type=\"post\" data-id=\"1065\">Katja Hoyer: Muurin takana &#8211; It\u00e4-Saksan historia 1949-1990<\/a><\/strong> (2023)<\/li>\n<\/ol>\n\n\n\n<p><\/p>\n","protected":false},"excerpt":{"rendered":"<p>Otin loppukes\u00e4st\u00e4 tavoittaakseni lukea 20 kirjaa Euroopan historiasta vuoden loppuun menness\u00e4. Otin vapaudekseni m\u00e4\u00e4ritell\u00e4 t\u00e4m\u00e4n liberaalisti haluamallani tavalla. Kirjat voivat olla my\u00f6s lyhyit\u00e4. Lista luetuista&hellip;<\/p>\n","protected":false},"author":1,"featured_media":0,"parent":61,"menu_order":0,"comment_status":"closed","ping_status":"closed","template":"","meta":{"footnotes":""},"class_list":["post-69","page","type-page","status-publish","hentry"],"_links":{"self":[{"href":"https:\/\/www.polipolina.com\/index.php\/wp-json\/wp\/v2\/pages\/69","targetHints":{"allow":["GET"]}}],"collection":[{"href":"https:\/\/www.polipolina.com\/index.php\/wp-json\/wp\/v2\/pages"}],"about":[{"href":"https:\/\/www.polipolina.com\/index.php\/wp-json\/wp\/v2\/types\/page"}],"author":[{"embeddable":true,"href":"https:\/\/www.polipolina.com\/index.php\/wp-json\/wp\/v2\/users\/1"}],"replies":[{"embeddable":true,"href":"https:\/\/www.polipolina.com\/index.php\/wp-json\/wp\/v2\/comments?post=69"}],"version-history":[{"count":30,"href":"https:\/\/www.polipolina.com\/index.php\/wp-json\/wp\/v2\/pages\/69\/revisions"}],"predecessor-version":[{"id":1384,"href":"https:\/\/www.polipolina.com\/index.php\/wp-json\/wp\/v2\/pages\/69\/revisions\/1384"}],"up":[{"embeddable":true,"href":"https:\/\/www.polipolina.com\/index.php\/wp-json\/wp\/v2\/pages\/61"}],"wp:attachment":[{"href":"https:\/\/www.polipolina.com\/index.php\/wp-json\/wp\/v2\/media?parent=69"}],"curies":[{"name":"wp","href":"https:\/\/api.w.org\/{rel}","templated":true}]}}