{"id":3153,"date":"2025-08-31T11:59:21","date_gmt":"2025-08-31T11:59:21","guid":{"rendered":"https:\/\/www.polipolina.com\/?page_id=3153"},"modified":"2025-11-08T12:46:48","modified_gmt":"2025-11-08T12:46:48","slug":"10-kirjaa-amerikan-ymmartamiseksi","status":"publish","type":"page","link":"https:\/\/www.polipolina.com\/index.php\/10-kirjaa-amerikan-ymmartamiseksi\/","title":{"rendered":"10 kirjaa Amerikan ymm\u00e4rt\u00e4miseksi"},"content":{"rendered":"\n<p>Viime vuonna projektini lukea <strong><a href=\"https:\/\/www.polipolina.com\/index.php\/kirjat\/euroopan-historia\/\" data-type=\"page\" data-id=\"69\">20 kirjaa Euroopan historiasta <\/a><\/strong>saatiin maaliin. Alkuvuodesta otin projektiksi lukea <strong><a href=\"https:\/\/www.polipolina.com\/index.php\/10-kirjaa-lahi-idasta\/\" data-type=\"page\" data-id=\"1245\">10 kirjaa L\u00e4hi-id\u00e4n historiasta<\/a><\/strong>, mutta tuossa p\u00e4\u00e4sin vain puoliv\u00e4liin, mutta tuo my\u00f6s projekti johon voin palata. Kes\u00e4ll\u00e4 otin kuitenkin uuden projektin lukea 10 kirjaa Yhdysvaltojen ymm\u00e4rt\u00e4miseksi. T\u00e4m\u00e4 projekti on nyt edennyt mukavasti. Olen lukenut t\u00e4ss\u00e4 v\u00e4liss\u00e4 hieman enemm\u00e4nkin Yhdysvaltoihin liittyvi\u00e4 kirjoja kuten <strong><a href=\"https:\/\/www.polipolina.com\/index.php\/2025\/08\/15\/pileggi-goodfellas\/\" data-type=\"post\" data-id=\"2668\">Wiseguy <\/a><\/strong>ja   <strong><a href=\"https:\/\/www.polipolina.com\/index.php\/2025\/08\/21\/ryan-gatti-vihan-kadut-los-angelesin-mellakat\/\" data-type=\"post\" data-id=\"2704\">Vihan kadut<\/a><\/strong>, mutten ota niit\u00e4 t\u00e4lle listalle <\/p>\n\n\n\n<ol class=\"wp-block-list\">\n<li><a href=\"https:\/\/www.polipolina.com\/index.php\/2025\/07\/08\/jonh-ganz-when-the-clock-broke-trumpismin-varhaiskylvosta\/\" data-type=\"post\" data-id=\"2361\"><strong>Jonh Ganz<\/strong>: <strong>When the Clock Broke: Con Men, Conspiracists and the Origins of Trumpism<\/strong><\/a><\/li>\n\n\n\n<li><strong>Milton <\/strong>ja <strong>Rose Friedman<\/strong>: <strong><a href=\"https:\/\/www.polipolina.com\/index.php\/2025\/07\/18\/vapaus-valita-milton-friedman\/\" data-type=\"post\" data-id=\"2472\">Vapaus valita(Free to choose)<\/a><\/strong><\/li>\n\n\n\n<li><strong>Amy Goldstein<\/strong>: <strong><a href=\"https:\/\/www.polipolina.com\/index.php\/2025\/07\/31\/janesvilleamerikan-2000-luvun-deindustrialisaatio\/\" data-type=\"post\" data-id=\"2575\">Janesville &#8211; An American Story<\/a><\/strong> (2016)<\/li>\n\n\n\n<li><strong>Markus Tiittula<\/strong>: <a href=\"https:\/\/www.polipolina.com\/index.php\/2025\/08\/10\/maga-jeesus-trumpista-ja-uskonnosta\/\" data-type=\"post\" data-id=\"2623\"><strong>MAGA-Jeesus: Sokea usko, falskit profeetat ja kristillisen nationalismin nousu Yhdysvalloissa<\/strong> <\/a>(2020)<\/li>\n\n\n\n<li><strong>Terry H. Anderson<\/strong>: <strong><a href=\"https:\/\/www.polipolina.com\/index.php\/2025\/08\/28\/irak-afganistan-ja-terrorismin-vastainen-sota-bushs-wars\/\" data-type=\"post\" data-id=\"2779\">Bush&#8217;s Wars<\/a><\/strong>(2011)<\/li>\n\n\n\n<li><strong>Cameron McWhitter &amp; Zusha Elinson<\/strong><a href=\"https:\/\/www.polipolina.com\/index.php\/2025\/09\/06\/amerikan-asekulttuuri-american-gun\/\" data-type=\"post\" data-id=\"2877\">: <strong>American gun &#8211; The true story of  the AR-15<\/strong><\/a> (2023)<\/li>\n\n\n\n<li><strong>Daniel Oppenheimer<\/strong>: <a href=\"https:\/\/www.polipolina.com\/index.php\/2025\/09\/16\/exit-right-amerikkalaiset-intellektuellit-vasemmalta-oikealle\/\" data-type=\"post\" data-id=\"2960\"><strong>Exit Right: The People Who Left the Left and Reshaped the American Century<\/strong> <\/a>(2016)<\/li>\n\n\n\n<li><strong>Marcia Chatelain <\/strong><a href=\"https:\/\/www.polipolina.com\/index.php\/2025\/09\/30\/pikaruoka-ja-musta-amerikka\/\" data-type=\"post\" data-id=\"3141\"><strong>Franchise: The golden arches in black America<\/strong> <\/a>(2020)<\/li>\n\n\n\n<li><strong>Philiph Roth: <a href=\"https:\/\/www.polipolina.com\/index.php\/2025\/10\/30\/philiph-roth-amerikkalainen-pastoraali\/\" data-type=\"post\" data-id=\"3430\">Amerikkalainen pastoraali<\/a><\/strong> (1998)<\/li>\n\n\n\n<li><strong>Louis Ferrante<\/strong>: <strong><a href=\"https:\/\/www.polipolina.com\/index.php\/2025\/11\/08\/amerikan-mafian-huippuvuodet\/\" data-type=\"post\" data-id=\"3484\">Borgata: Vallan haastajat<\/a><\/strong> (2023)<\/li>\n<\/ol>\n\n\n\n<p><\/p>\n","protected":false},"excerpt":{"rendered":"<p>Viime vuonna projektini lukea 20 kirjaa Euroopan historiasta saatiin maaliin. Alkuvuodesta otin projektiksi lukea 10 kirjaa L\u00e4hi-id\u00e4n historiasta, mutta tuossa p\u00e4\u00e4sin vain puoliv\u00e4liin, mutta tuo&hellip;<\/p>\n","protected":false},"author":1,"featured_media":0,"parent":0,"menu_order":0,"comment_status":"closed","ping_status":"closed","template":"","meta":{"footnotes":""},"class_list":["post-3153","page","type-page","status-publish","hentry"],"_links":{"self":[{"href":"https:\/\/www.polipolina.com\/index.php\/wp-json\/wp\/v2\/pages\/3153","targetHints":{"allow":["GET"]}}],"collection":[{"href":"https:\/\/www.polipolina.com\/index.php\/wp-json\/wp\/v2\/pages"}],"about":[{"href":"https:\/\/www.polipolina.com\/index.php\/wp-json\/wp\/v2\/types\/page"}],"author":[{"embeddable":true,"href":"https:\/\/www.polipolina.com\/index.php\/wp-json\/wp\/v2\/users\/1"}],"replies":[{"embeddable":true,"href":"https:\/\/www.polipolina.com\/index.php\/wp-json\/wp\/v2\/comments?post=3153"}],"version-history":[{"count":12,"href":"https:\/\/www.polipolina.com\/index.php\/wp-json\/wp\/v2\/pages\/3153\/revisions"}],"predecessor-version":[{"id":3676,"href":"https:\/\/www.polipolina.com\/index.php\/wp-json\/wp\/v2\/pages\/3153\/revisions\/3676"}],"wp:attachment":[{"href":"https:\/\/www.polipolina.com\/index.php\/wp-json\/wp\/v2\/media?parent=3153"}],"curies":[{"name":"wp","href":"https:\/\/api.w.org\/{rel}","templated":true}]}}