{"id":253,"date":"2024-09-14T10:42:00","date_gmt":"2024-09-14T10:42:00","guid":{"rendered":"https:\/\/www.polipolina.com\/?page_id=253"},"modified":"2024-10-15T14:56:57","modified_gmt":"2024-10-15T14:56:57","slug":"ruostevyohyke-usa","status":"publish","type":"page","link":"https:\/\/www.polipolina.com\/index.php\/alue\/ruostevyohyke-usa\/","title":{"rendered":"Ruostevy\u00f6hyke(Rust belt) USA"},"content":{"rendered":"\n<p><strong>Ruostevy\u00f6hyke<\/strong> on termi, jolla viitataan deindustrialisoituneeseen alueeseen. Yhdysvaltain ruostevy\u00f6hykkeen (englanniksi &#8221;Rust Belt&#8221;) historia on tiiviisti sidoksissa maan teollistumisen kehitykseen, erityisesti 1800-luvun loppupuolelta aina 1900-luvun j\u00e4lkipuoliskolle asti. Alueella oli teollisuudelle t\u00e4rkeit\u00e4 kivihiilt\u00e4 ja rautamalmia. Se sijaitsi strategisesti l\u00e4hell\u00e4 suuria vesist\u00f6j\u00e4 mik\u00e4 mahdollisti edulliset kuljetusreitit sek\u00e4 raaka-aineille ett\u00e4 valmiille tuotteille. <\/p>\n\n\n<div class=\"wp-block-image\">\n<figure class=\"aligncenter size-full is-resized\"><img loading=\"lazy\" decoding=\"async\" width=\"913\" height=\"419\" src=\"https:\/\/www.polipolina.com\/wp-content\/uploads\/2024\/09\/Ruostevyohyke-Ohio.jpg\" alt=\"Ruostevy\u00f6hyke OHIO\" class=\"wp-image-291\" style=\"width:714px;height:auto\" srcset=\"https:\/\/www.polipolina.com\/wp-content\/uploads\/2024\/09\/Ruostevyohyke-Ohio.jpg 913w, https:\/\/www.polipolina.com\/wp-content\/uploads\/2024\/09\/Ruostevyohyke-Ohio-300x138.jpg 300w, https:\/\/www.polipolina.com\/wp-content\/uploads\/2024\/09\/Ruostevyohyke-Ohio-768x352.jpg 768w\" sizes=\"auto, (max-width: 913px) 100vw, 913px\" \/><\/figure>\n<\/div>\n\n\n<p>Ruostevy\u00f6hyke tunnettiin historiallisesti ennen kaikkea raskaasta teollisuudestaan, erityisesti ter\u00e4s-, auto- ja konepajateollisuudesta. Ruostevy\u00f6hyke termin katsotaan syntyneen 80-luvulla. 1960-luvulta alkaen globalisaatio heikensi Yhdysvaltain raskaan teollisuuden kilpailukyky\u00e4 ja 70-luvulla energiakriisi k\u00e4rjisti sit\u00e4 entisest\u00e4\u00e4n.<\/p>\n\n\n\n<p>Termi\u00e4 saatetaan nyky\u00e4\u00e4n k\u00e4ytt\u00e4\u00e4 muidenkin maiden alueista, mutta alkuper\u00e4inen ruostevy\u00f6hyke (<strong>Rust belt<\/strong>) sijaitsee Yhdysvalloissa. Sen ytimen\u00e4 voidaan pit\u00e4\u00e4 Ohion-osavaltiota, joka lasketaan usein kokonaisuutena osaksi ruostevy\u00f6hykett\u00e4. Sen lis\u00e4ksi siihen lasketaan yleens\u00e4 suuria alueita Michiganista ja Indianasta sek\u00e4 osia Illinoisista, New Yorkista, Pennsylvaniasta ja Wisconsinista. Joskus siihen saatetaan laskea my\u00f6s L\u00e4nsi-Virginia ja pieni\u00e4 osia New Jerseysta sek\u00e4 Missourista.<\/p>\n\n\n<div class=\"wp-block-image\">\n<figure class=\"aligncenter size-full is-resized\"><img loading=\"lazy\" decoding=\"async\" width=\"851\" height=\"469\" src=\"https:\/\/www.polipolina.com\/wp-content\/uploads\/2024\/09\/Ruostevyohyke-USA-kartta.jpg\" alt=\"Ruostevy\u00f6hyke kartta\" class=\"wp-image-289\" style=\"width:743px;height:auto\" srcset=\"https:\/\/www.polipolina.com\/wp-content\/uploads\/2024\/09\/Ruostevyohyke-USA-kartta.jpg 851w, https:\/\/www.polipolina.com\/wp-content\/uploads\/2024\/09\/Ruostevyohyke-USA-kartta-300x165.jpg 300w, https:\/\/www.polipolina.com\/wp-content\/uploads\/2024\/09\/Ruostevyohyke-USA-kartta-768x423.jpg 768w\" sizes=\"auto, (max-width: 851px) 100vw, 851px\" \/><\/figure>\n<\/div>\n\n\n<p>Ruostevy\u00f6hykkeen ja ehk\u00e4 muutenkin deindustrialisaation symbolina pidet\u00e4\u00e4n Michiganin Detroitia, joka on mielenkiintoinen kaupunki, joka on menett\u00e4nyt l\u00e4nsimaiden suurista kaupungeista v\u00e4est\u00f6\u00e4\u00e4n enemm\u00e4n kuin mik\u00e4\u00e4n muu. Detroit on tietysti profiloitunut Yhdysvaltain autoteollisuuden p\u00e4\u00e4kaupunkina ja Pittsburgh on puolestaan tunnettu ter\u00e4steollisuuden keskittym\u00e4n\u00e4<\/p>\n\n\n\n<p>Ruostevy\u00f6hykkeen suurimpana kaupunkina voidaan kuitenkin pit\u00e4\u00e4 Yhdysvaltain kolmanneksi suurinta kaupunkia Chicagoa Illinoisin osavaltiossa. Muita ruostevy\u00f6hykkeen suurimpia kaupunkeja ovat Columbus(Ohio), Milwaukee(Wisconsin), Cleveland(Ohio), Cincinnati(Ohio) ja Pittsburgh(Pennsylvania). Muita ruostevy\u00f6hykkeen hieman pienempi\u00e4 tunnettuja kaupunkeja ovat esim. Buffalo(New York), Gary(Indiana) ja Youngstown(Ohio).<\/p>\n\n\n\n<p><\/p>\n","protected":false},"excerpt":{"rendered":"<p>Ruostevy\u00f6hyke on termi, jolla viitataan deindustrialisoituneeseen alueeseen. Yhdysvaltain ruostevy\u00f6hykkeen (englanniksi &#8221;Rust Belt&#8221;) historia on tiiviisti sidoksissa maan teollistumisen kehitykseen, erityisesti 1800-luvun loppupuolelta aina 1900-luvun j\u00e4lkipuoliskolle&hellip;<\/p>\n","protected":false},"author":1,"featured_media":0,"parent":251,"menu_order":0,"comment_status":"closed","ping_status":"closed","template":"","meta":{"footnotes":""},"class_list":["post-253","page","type-page","status-publish","hentry"],"_links":{"self":[{"href":"https:\/\/www.polipolina.com\/index.php\/wp-json\/wp\/v2\/pages\/253","targetHints":{"allow":["GET"]}}],"collection":[{"href":"https:\/\/www.polipolina.com\/index.php\/wp-json\/wp\/v2\/pages"}],"about":[{"href":"https:\/\/www.polipolina.com\/index.php\/wp-json\/wp\/v2\/types\/page"}],"author":[{"embeddable":true,"href":"https:\/\/www.polipolina.com\/index.php\/wp-json\/wp\/v2\/users\/1"}],"replies":[{"embeddable":true,"href":"https:\/\/www.polipolina.com\/index.php\/wp-json\/wp\/v2\/comments?post=253"}],"version-history":[{"count":9,"href":"https:\/\/www.polipolina.com\/index.php\/wp-json\/wp\/v2\/pages\/253\/revisions"}],"predecessor-version":[{"id":648,"href":"https:\/\/www.polipolina.com\/index.php\/wp-json\/wp\/v2\/pages\/253\/revisions\/648"}],"up":[{"embeddable":true,"href":"https:\/\/www.polipolina.com\/index.php\/wp-json\/wp\/v2\/pages\/251"}],"wp:attachment":[{"href":"https:\/\/www.polipolina.com\/index.php\/wp-json\/wp\/v2\/media?parent=253"}],"curies":[{"name":"wp","href":"https:\/\/api.w.org\/{rel}","templated":true}]}}