{"id":2066,"date":"2025-05-06T18:43:40","date_gmt":"2025-05-06T18:43:40","guid":{"rendered":"https:\/\/www.polipolina.com\/?page_id=2066"},"modified":"2025-05-17T09:12:28","modified_gmt":"2025-05-17T09:12:28","slug":"romanian-presidentinvaalit-2025-toinen-kierros","status":"publish","type":"page","link":"https:\/\/www.polipolina.com\/index.php\/romanian-presidentinvaalit-2025-toinen-kierros\/","title":{"rendered":"Romanian presidentinvaalit 2025 toinen kierros"},"content":{"rendered":"\n<p>Romaniassa ei pit\u00e4nyt olla presidentinvaaleja 2025. Vaalit oli tarkoitus pit\u00e4\u00e4 loppuvuodesta 2024 ja ensimm\u00e4inen kierros pidettiinkin 24.11., mutta pari p\u00e4iv\u00e4\u00e4 ennen 8.12 pidett\u00e4v\u00e4\u00e4 toista kierrosta Romanian perustuslakituomioistuin mit\u00e4t\u00f6i ensimm\u00e4isen kierroksen vaalituloksen. Presidentinvaalien ensimm\u00e4inen kierros j\u00e4rjestettiin 4.5 ja toinen on luvassa 18.5.<\/p>\n\n\n\n<p><a href=\"https:\/\/ion.bookbeat.com\/t\/t?a=1556522725&amp;as=1976469341&amp;t=2&amp;tk=1\">Kokeile BookBeatia 2 viikkoa maksutta<\/a><img loading=\"lazy\" decoding=\"async\" width=\"1\" height=\"1\" src=\"https:\/\/track.adtraction.com\/t\/t?a=1556522725&amp;as=1976469341&amp;t=1&amp;tk=1&amp;i=1\"><\/p>\n\n\n\n<p>20 miljoonan asukkaan Ukrainan naapurin ja NATO-maan Romanian ajautuminen merkitt\u00e4v\u00e4\u00e4n poliittiseen kriisiin vaikuttaisi varmasti laajemminkin It\u00e4-Euroopan vakauteen. Romanian presidentinvaalit toimivat suomalaisille tutulla tavalla. Jos kukaan ehdokkaista ei saa ensimm\u00e4iselle kierrokselle yli 50 prosenttia \u00e4\u00e4nist\u00e4, j\u00e4rjestet\u00e4\u00e4n toinen kierros, johon osallistuvat kaksi ensimm\u00e4isell\u00e4 kierroksella eniten \u00e4\u00e4ni\u00e4 saanutta ehdokasta. <\/p>\n\n\n\n<a href=\"https:\/\/ion.bookbeat.com\/t\/t?a=1517441528&#038;as=1976469341&#038;t=2&#038;tk=1\"><img loading=\"lazy\" decoding=\"async\" src=\"https:\/\/track.adtraction.com\/t\/t?a=1517441528&#038;as=1976469341&#038;t=1&#038;tk=1&#038;i=1\" width=\"980\" height=\"120\" border=\"0\"><\/a>\n\n\n\n<p>Ensimm\u00e4iselle kierrokselle 4.5 osallistui 11 ehdokasta, joista puolet tosin saivat alle prosentin \u00e4\u00e4nist\u00e4 ja vain nelj\u00e4 ehdokasta sai yli 2,5% \u00e4\u00e4nist\u00e4. Ensimm\u00e4isell\u00e4 kierroksella selv\u00e4sti suosituin oli laitaoikeiston <strong>George Simion<\/strong> joka sai 40% \u00e4\u00e4nist\u00e4. T\u00e4m\u00e4n takana kaksi suosituinta establish-henkisemp\u00e4\u00e4 ehdokasta olivat l\u00e4hell\u00e4, mutta <strong>Nicu\u0219or Dan <\/strong>sai kuitenkin hieman enemm\u00e4n \u00e4\u00e4ni\u00e4 (20,99) kuin Crin Antonescu (20,07). Eli Toisella kierroksella kohtaavat Simion ja Dan.<\/p>\n\n\n\n<a href=\"https:\/\/ion.bookbeat.com\/t\/t?a=1517441534&#038;as=1976469341&#038;t=2&#038;tk=1\"><img loading=\"lazy\" decoding=\"async\" src=\"https:\/\/track.adtraction.com\/t\/t?a=1517441534&#038;as=1976469341&#038;t=1&#038;tk=1&#038;i=1\" width=\"120\" height=\"600\" border=\"0\"><\/a>\n","protected":false},"excerpt":{"rendered":"<p>Romaniassa ei pit\u00e4nyt olla presidentinvaaleja 2025. Vaalit oli tarkoitus pit\u00e4\u00e4 loppuvuodesta 2024 ja ensimm\u00e4inen kierros pidettiinkin 24.11., mutta pari p\u00e4iv\u00e4\u00e4 ennen 8.12 pidett\u00e4v\u00e4\u00e4 toista kierrosta&hellip;<\/p>\n","protected":false},"author":1,"featured_media":0,"parent":0,"menu_order":0,"comment_status":"closed","ping_status":"closed","template":"","meta":{"footnotes":""},"class_list":["post-2066","page","type-page","status-publish","hentry"],"_links":{"self":[{"href":"https:\/\/www.polipolina.com\/index.php\/wp-json\/wp\/v2\/pages\/2066","targetHints":{"allow":["GET"]}}],"collection":[{"href":"https:\/\/www.polipolina.com\/index.php\/wp-json\/wp\/v2\/pages"}],"about":[{"href":"https:\/\/www.polipolina.com\/index.php\/wp-json\/wp\/v2\/types\/page"}],"author":[{"embeddable":true,"href":"https:\/\/www.polipolina.com\/index.php\/wp-json\/wp\/v2\/users\/1"}],"replies":[{"embeddable":true,"href":"https:\/\/www.polipolina.com\/index.php\/wp-json\/wp\/v2\/comments?post=2066"}],"version-history":[{"count":3,"href":"https:\/\/www.polipolina.com\/index.php\/wp-json\/wp\/v2\/pages\/2066\/revisions"}],"predecessor-version":[{"id":2180,"href":"https:\/\/www.polipolina.com\/index.php\/wp-json\/wp\/v2\/pages\/2066\/revisions\/2180"}],"wp:attachment":[{"href":"https:\/\/www.polipolina.com\/index.php\/wp-json\/wp\/v2\/media?parent=2066"}],"curies":[{"name":"wp","href":"https:\/\/api.w.org\/{rel}","templated":true}]}}