{"id":1547,"date":"2025-02-27T14:50:37","date_gmt":"2025-02-27T14:50:37","guid":{"rendered":"https:\/\/www.polipolina.com\/?page_id=1547"},"modified":"2025-05-17T09:18:35","modified_gmt":"2025-05-17T09:18:35","slug":"10-viimeisinta-paavia-1900-ja-2000-luvun-paavit","status":"publish","type":"page","link":"https:\/\/www.polipolina.com\/index.php\/10-viimeisinta-paavia-1900-ja-2000-luvun-paavit\/","title":{"rendered":"10 viimeisint\u00e4 paavia &#8211; 1900- ja 2000-luvun paavit"},"content":{"rendered":"\n<p>T\u00e4h\u00e4n on listattu 10 viimeisint\u00e4 paavia varhaisimmasta tuoreimpaan.<\/p>\n\n\n\n<a href=\"https:\/\/ion.bookbeat.com\/t\/t?a=1517441528&#038;as=1976469341&#038;t=2&#038;tk=1\"><img loading=\"lazy\" decoding=\"async\" src=\"https:\/\/track.adtraction.com\/t\/t?a=1517441528&#038;as=1976469341&#038;t=1&#038;tk=1&#038;i=1\" width=\"980\" height=\"120\" border=\"0\"><\/a>\n\n\n\n<p><a href=\"https:\/\/ion.bookbeat.com\/t\/t?a=1556522725&amp;as=1976469341&amp;t=2&amp;tk=1\">Kokeile BookBeatia 2 viikkoa maksutta<\/a><img loading=\"lazy\" decoding=\"async\" width=\"1\" height=\"1\" src=\"https:\/\/track.adtraction.com\/t\/t?a=1556522725&amp;as=1976469341&amp;t=1&amp;tk=1&amp;i=1\"><\/p>\n\n\n\n<ul class=\"wp-block-list\">\n<li><strong>Paavi Pius X<\/strong> (Giuseppe Melchiorre Sarto) johti kirkkoa vuosina <strong>1903\u20131914<\/strong>. H\u00e4n oli kotoisin Riesesta, Italiasta. Pius X tunnetaan liturgisista uudistuksistaan, kuten ehtoollisen varhaisemman vastaanottamisen sallimisesta lapsille. H\u00e4n vastusti modernismia ja pyrki vahvistamaan katolisen opin perinteit\u00e4. H\u00e4net kanonisoitiin pyhimykseksi vuonna 1954.<\/li>\n\n\n\n<li><strong>Paavi Benedictus XV<\/strong> (Giacomo della Chiesa) oli paavina vuosina <strong>1914\u20131922<\/strong>. H\u00e4n syntyi Genovassa, Italiassa. H\u00e4net muistetaan yrityksist\u00e4\u00e4n edist\u00e4\u00e4 rauhaa ensimm\u00e4isen maailmansodan aikana, mutta suurvaltojen johtajat sivuuttivat h\u00e4nen vetoomuksensa. H\u00e4n my\u00f6s pyrki auttamaan sodan uhreja ja edisti katolisen kirkon l\u00e4hetysty\u00f6t\u00e4.<\/li>\n\n\n\n<li><strong>Paavi Pius XI<\/strong> (Achille Ratti) oli paavina vuosina <strong>1922\u20131939<\/strong>. H\u00e4n syntyi Desiossa<strong>, <\/strong>Italiassa. H\u00e4nen paaviutensa aikana solmittiin <strong>Lateraanin sopimus<\/strong> (1929), joka vahvisti Vatikaanin itsen\u00e4isyyden ja p\u00e4\u00e4tti pitk\u00e4\u00e4n jatkuneen kirkon ja Italian v\u00e4lisen konfliktin. Pius XI tunnetaan my\u00f6s vahvasta vastustuksestaan <strong>fasismia ja natsismia<\/strong> kohtaan. H\u00e4n kuoli vuonna 1939, juuri ennen toisen maailmansodan puhkeamista.<\/li>\n\n\n\n<li><strong>Paavi Pius XII<\/strong> (Eugenio Pacelli) toimi paavina vuosina 1939\u20131958. H\u00e4n oli kotoisin Roomasta, Italiasta. H\u00e4nen paaviutensa aikana k\u00e4ytiin toinen maailmansota, ja h\u00e4nt\u00e4 on sek\u00e4 kiitetty ett\u00e4 kritisoitu toimistaan juutalaisten vainojen aikana. Pius XII tunnetaan my\u00f6s dogmista Neitsyt Marian taivaaseen ottamisesta.<\/li>\n\n\n\n<li><strong>Paavi Johannes XXIII<\/strong> (Angelo Giuseppe Roncalli) johti kirkkoa vuosina 1958\u20131963. H\u00e4n syntyi Sottossa, Italiassa. Johannes XXIII kutsui koolle Vatikaanin toisen kirkolliskokouksen (1962\u20131965), joka pyrki uudistamaan kirkkoa ja edist\u00e4m\u00e4\u00e4n ekumeniaa. H\u00e4nt\u00e4 kutsuttiin usein &#8221;hyv\u00e4ksi paaviksi&#8221; h\u00e4nen l\u00e4mpim\u00e4n persoonallisuutensa vuoksi.<\/li>\n\n\n\n<li><strong>Paavi Paavali VI<\/strong> (Giovanni Battista Montini) oli paavina vuosina 1963\u20131978. H\u00e4n oli syntynyt Concesiossa, Italiassa. Paavali VI jatkoi Vatikaanin toista kirkolliskokousta ja pani sen p\u00e4\u00e4t\u00f6kset t\u00e4yt\u00e4nt\u00f6\u00f6n. H\u00e4n julkaisi my\u00f6s kiistanalaisen encyklikan &#8221;Humanae Vitae&#8221;, joka k\u00e4sitteli ehk\u00e4isyn moraalisia kysymyksi\u00e4.<\/li>\n\n\n\n<li><strong>Paavi Johannes Paavali I<\/strong> (Albino Luciani) toimi paavina vain 33 p\u00e4iv\u00e4n ajan vuonna 1978. H\u00e4n oli kotoisin Forno di Canalesta, Italiasta. Lyhyest\u00e4 paaviudestaan huolimatta h\u00e4net muistetaan n\u00f6yryydest\u00e4\u00e4n ja hymyilev\u00e4st\u00e4 olemuksestaan, mink\u00e4 vuoksi h\u00e4nt\u00e4 kutsuttiin &#8221;hymyilev\u00e4ksi paaviksi&#8221;.<\/li>\n\n\n\n<li><strong>Paavi Johannes Paavali II<\/strong> (Karol J\u00f3zef Wojty\u0142a) johti kirkkoa vuosina 1978\u20132005. H\u00e4n syntyi Wadowicessa, Puolassa. Johannes Paavali II oli ensimm\u00e4inen puolalainen paavi ja matkusti laajasti edist\u00e4en kirkon globaalia l\u00e4sn\u00e4oloa. H\u00e4nell\u00e4 oli merkitt\u00e4v\u00e4 rooli kommunismin kaatumisessa It\u00e4-Euroopassa ja h\u00e4net tunnetaan my\u00f6s nuorison maailmanp\u00e4ivien perustamisesta.<\/li>\n\n\n\n<li><strong>Paavi Benedictus XVI<\/strong> (Joseph Ratzinger) toimi paavina vuosina 2005\u20132013. H\u00e4n oli kotoisin Marktl am Innist\u00e4, Saksasta. Benedictus XVI oli tunnettu teologi ja toimi ennen paaviuttaan uskonopin kongregaation prefektin\u00e4. H\u00e4n yll\u00e4tti maailman eroamalla virastaan vuonna 2013, ensimm\u00e4isen\u00e4 paavina l\u00e4hes 600 vuoteen.<\/li>\n\n\n\n<li><strong>Paavi Franciscus<\/strong> (Jorge Mario Bergoglio) aloitti paaviutensa vuonna 2013 ja on edelleen virassa. H\u00e4n syntyi Buenos Airesissa, Argentiinassa. Franciscus on ensimm\u00e4inen latinalaisamerikkalainen paavi ja jesuiitta t\u00e4ss\u00e4 teht\u00e4v\u00e4ss\u00e4. H\u00e4n on korostanut kirkon sosiaalista oikeudenmukaisuutta, k\u00f6yhien auttamista ja ymp\u00e4rist\u00f6nsuojelua, erityisesti encyklikassaan &#8221;Laudato si'&#8221; kautta.<\/li>\n<\/ul>\n\n\n\n<a href=\"https:\/\/ion.bookbeat.com\/t\/t?a=1517441534&#038;as=1976469341&#038;t=2&#038;tk=1\"><img loading=\"lazy\" decoding=\"async\" src=\"https:\/\/track.adtraction.com\/t\/t?a=1517441534&#038;as=1976469341&#038;t=1&#038;tk=1&#038;i=1\" width=\"120\" height=\"600\" border=\"0\"><\/a>\n","protected":false},"excerpt":{"rendered":"<p>T\u00e4h\u00e4n on listattu 10 viimeisint\u00e4 paavia varhaisimmasta tuoreimpaan. Kokeile BookBeatia 2 viikkoa maksutta<\/p>\n","protected":false},"author":1,"featured_media":0,"parent":0,"menu_order":0,"comment_status":"closed","ping_status":"closed","template":"","meta":{"footnotes":""},"class_list":["post-1547","page","type-page","status-publish","hentry"],"_links":{"self":[{"href":"https:\/\/www.polipolina.com\/index.php\/wp-json\/wp\/v2\/pages\/1547","targetHints":{"allow":["GET"]}}],"collection":[{"href":"https:\/\/www.polipolina.com\/index.php\/wp-json\/wp\/v2\/pages"}],"about":[{"href":"https:\/\/www.polipolina.com\/index.php\/wp-json\/wp\/v2\/types\/page"}],"author":[{"embeddable":true,"href":"https:\/\/www.polipolina.com\/index.php\/wp-json\/wp\/v2\/users\/1"}],"replies":[{"embeddable":true,"href":"https:\/\/www.polipolina.com\/index.php\/wp-json\/wp\/v2\/comments?post=1547"}],"version-history":[{"count":4,"href":"https:\/\/www.polipolina.com\/index.php\/wp-json\/wp\/v2\/pages\/1547\/revisions"}],"predecessor-version":[{"id":2185,"href":"https:\/\/www.polipolina.com\/index.php\/wp-json\/wp\/v2\/pages\/1547\/revisions\/2185"}],"wp:attachment":[{"href":"https:\/\/www.polipolina.com\/index.php\/wp-json\/wp\/v2\/media?parent=1547"}],"curies":[{"name":"wp","href":"https:\/\/api.w.org\/{rel}","templated":true}]}}