{"id":1425,"date":"2025-01-19T10:43:44","date_gmt":"2025-01-19T10:43:44","guid":{"rendered":"https:\/\/www.polipolina.com\/?page_id=1425"},"modified":"2025-01-20T15:35:36","modified_gmt":"2025-01-20T15:35:36","slug":"valivaalit","status":"publish","type":"page","link":"https:\/\/www.polipolina.com\/index.php\/valivaalit\/","title":{"rendered":"Yhdysvaltain V\u00e4livaalit"},"content":{"rendered":"\n<p><strong>V\u00e4livaalit<\/strong> (engl. <em>midterm elections<\/em>) ovat Yhdysvalloissa vaaleja, jotka pidet\u00e4\u00e4n presidenttikauden puoliv\u00e4liss\u00e4, eli kaksi vuotta presidentin valinnan j\u00e4lkeen. N\u00e4m\u00e4 vaalit eiv\u00e4t liity suoraan presidenttiin, mutta niiss\u00e4 valitaan muita hallinnollisten virkojen haltijoita sek\u00e4 osavaltioiden ett\u00e4 liittovaltion tasolla.<\/p>\n\n\n\n<p>Yhdysvalloissa v\u00e4livaaleissa valitaan kaikki 435 edustajaa Yhdysvaltain edustajainhuoneeseen (House of Representatives), 34 senaattoria Yhdysvaltain senaattiin (Senate), sek\u00e4 useiden osavaltioiden ja paikallishallintojen virkamiehet. Lis\u00e4ksi monilla osavaltioilla on omia vaalejaan, joissa valitaan kuvern\u00f6\u00f6rej\u00e4, lains\u00e4\u00e4t\u00e4ji\u00e4 ja muita virkamiehi\u00e4.<\/p>\n\n\n\n<p>V\u00e4livaalit ovat poliittisesti t\u00e4rkeit\u00e4, koska ne voivat muuttaa lains\u00e4\u00e4t\u00e4misen dynamiikkaa Washingtonissa. Jos presidentin puolue menett\u00e4\u00e4 enemmist\u00f6n joko edustajainhuoneessa tai senaatissa, se voi est\u00e4\u00e4 presidentin lains\u00e4\u00e4d\u00e4nn\u00f6n eteenp\u00e4in viemist\u00e4. V\u00e4livaalit voivat my\u00f6s olla \u00e4\u00e4nest\u00e4jien mahdollisuus ilmaista tyytym\u00e4tt\u00f6myytens\u00e4 istuvaan presidenttiin tai hallitukseen. Usein presidentin puolue k\u00e4rsiikin tappion verrattuna edellisiin vaaleihin.<\/p>\n\n\n\n<p>Seuraavat Yhdysvaltain v\u00e4livaalit j\u00e4rjestet\u00e4\u00e4n 3.11.2026.<\/p>\n","protected":false},"excerpt":{"rendered":"<p>V\u00e4livaalit (engl. midterm elections) ovat Yhdysvalloissa vaaleja, jotka pidet\u00e4\u00e4n presidenttikauden puoliv\u00e4liss\u00e4, eli kaksi vuotta presidentin valinnan j\u00e4lkeen. N\u00e4m\u00e4 vaalit eiv\u00e4t liity suoraan presidenttiin, mutta niiss\u00e4&hellip;<\/p>\n","protected":false},"author":1,"featured_media":0,"parent":0,"menu_order":0,"comment_status":"closed","ping_status":"closed","template":"","meta":{"footnotes":""},"class_list":["post-1425","page","type-page","status-publish","hentry"],"_links":{"self":[{"href":"https:\/\/www.polipolina.com\/index.php\/wp-json\/wp\/v2\/pages\/1425","targetHints":{"allow":["GET"]}}],"collection":[{"href":"https:\/\/www.polipolina.com\/index.php\/wp-json\/wp\/v2\/pages"}],"about":[{"href":"https:\/\/www.polipolina.com\/index.php\/wp-json\/wp\/v2\/types\/page"}],"author":[{"embeddable":true,"href":"https:\/\/www.polipolina.com\/index.php\/wp-json\/wp\/v2\/users\/1"}],"replies":[{"embeddable":true,"href":"https:\/\/www.polipolina.com\/index.php\/wp-json\/wp\/v2\/comments?post=1425"}],"version-history":[{"count":2,"href":"https:\/\/www.polipolina.com\/index.php\/wp-json\/wp\/v2\/pages\/1425\/revisions"}],"predecessor-version":[{"id":1438,"href":"https:\/\/www.polipolina.com\/index.php\/wp-json\/wp\/v2\/pages\/1425\/revisions\/1438"}],"wp:attachment":[{"href":"https:\/\/www.polipolina.com\/index.php\/wp-json\/wp\/v2\/media?parent=1425"}],"curies":[{"name":"wp","href":"https:\/\/api.w.org\/{rel}","templated":true}]}}