{"id":670,"date":"2024-10-19T16:41:16","date_gmt":"2024-10-19T16:41:16","guid":{"rendered":"https:\/\/www.polipolina.com\/?page_id=670"},"modified":"2024-10-19T16:43:44","modified_gmt":"2024-10-19T16:43:44","slug":"bar-stool-conservatism-baarijakkarakonservatismi","status":"publish","type":"page","link":"http:\/\/www.polipolina.com\/index.php\/bar-stool-conservatism-baarijakkarakonservatismi\/","title":{"rendered":"Bar stool conservatism (Baarijakkarakonservatismi)"},"content":{"rendered":"\n<p>&#8221;<strong>Bar stool conservatism<\/strong>&#8221;(&#8221;baarijakkarakonservatismi&#8221;) viittaa ilmi\u00f6\u00f6n, jossa konservatiivinen ajattelu yhdistyy populaarikulttuuriin, viihteeseen ja tavallisen kansan arvoihin. Termi on per\u00e4isin David Portnoyn, Barstool Sports-median perustajan, ajatusmaailmasta ja persoonasta. Bar stool conservatism korostaa liberaalien ja konservatiivien vastakkainasettelun sijaan arkij\u00e4rke\u00e4 ja vastustusta erityisessti poliittista korrektiutta.<\/p>\n\n\n\n<p>Bar stool conservatism yhdistyy Portnoyn br\u00e4ndiin ja siihen, miten h\u00e4n puhuu politiikasta ja yhteiskunnallisista aiheista viihteellisest\u00e4 n\u00e4k\u00f6kulmasta. H\u00e4nen median edustamansa tyyli vetoaa nuorempiin miehiin, jotka eiv\u00e4t koe kuuluvansa perinteisemm\u00e4n republikaanisen puolueen arvomaailmaan.<\/p>\n\n\n\n<p>Perinteiset konservatiivit keskittyv\u00e4t usein uskonnollisiin ja moraalisiin arvoihin, kun taas bar stool conservatism nojaa enemm\u00e4n &#8221;maalaisj\u00e4rkeen&#8221;, jossa korostetaan esimerkiksi vapautta ilmaista mielipiteit\u00e4 ja kriittisyytt\u00e4 herkk\u00e4hipi\u00e4isyytt\u00e4 kohtaan. Bar stool conservatism haastaa my\u00f6s perinteist\u00e4 eliitti\u00e4 ja puoluepoliittista j\u00e4rjestelm\u00e4\u00e4. Siin\u00e4 miss\u00e4 perinteinen konservatismi saattaa arvostaa vanhoja instituutioita ja s\u00e4\u00e4nt\u00f6j\u00e4, bar stool conservatism haluaa ravistella niit\u00e4 ja suhtautuu ep\u00e4luuloisesti poliitikkoihin ja byrokratiaan.<\/p>\n\n\n\n<p>Bar stool conservatism on osa Donald Trumpin vetovoimaa ja miksi h\u00e4n on verrattain nuorien miesten keskuudessa. Vaikka aborttikysymus ei n\u00e4ille ihmisille kriittinen, he usein kuitenkin saattavat kannattaa aborttioikeuksia, mutta pit\u00e4v\u00e4t sit\u00e4 v\u00e4hemm\u00e4n t\u00e4rke\u00e4n\u00e4 asiana suhteessa poliittisen korrektiuteen ja &#8221;woketukseen&#8221;.<\/p>\n","protected":false},"excerpt":{"rendered":"<p>&#8221;Bar stool conservatism&#8221;(&#8221;baarijakkarakonservatismi&#8221;) viittaa ilmi\u00f6\u00f6n, jossa konservatiivinen ajattelu yhdistyy populaarikulttuuriin, viihteeseen ja tavallisen kansan arvoihin. Termi on per\u00e4isin David Portnoyn, Barstool Sports-median perustajan, ajatusmaailmasta ja&hellip;<\/p>\n","protected":false},"author":1,"featured_media":0,"parent":0,"menu_order":0,"comment_status":"closed","ping_status":"closed","template":"","meta":{"footnotes":""},"class_list":["post-670","page","type-page","status-publish","hentry"],"_links":{"self":[{"href":"http:\/\/www.polipolina.com\/index.php\/wp-json\/wp\/v2\/pages\/670","targetHints":{"allow":["GET"]}}],"collection":[{"href":"http:\/\/www.polipolina.com\/index.php\/wp-json\/wp\/v2\/pages"}],"about":[{"href":"http:\/\/www.polipolina.com\/index.php\/wp-json\/wp\/v2\/types\/page"}],"author":[{"embeddable":true,"href":"http:\/\/www.polipolina.com\/index.php\/wp-json\/wp\/v2\/users\/1"}],"replies":[{"embeddable":true,"href":"http:\/\/www.polipolina.com\/index.php\/wp-json\/wp\/v2\/comments?post=670"}],"version-history":[{"count":2,"href":"http:\/\/www.polipolina.com\/index.php\/wp-json\/wp\/v2\/pages\/670\/revisions"}],"predecessor-version":[{"id":673,"href":"http:\/\/www.polipolina.com\/index.php\/wp-json\/wp\/v2\/pages\/670\/revisions\/673"}],"wp:attachment":[{"href":"http:\/\/www.polipolina.com\/index.php\/wp-json\/wp\/v2\/media?parent=670"}],"curies":[{"name":"wp","href":"https:\/\/api.w.org\/{rel}","templated":true}]}}