{"id":235,"date":"2024-09-13T14:14:31","date_gmt":"2024-09-13T14:14:31","guid":{"rendered":"https:\/\/www.polipolina.com\/?page_id=235"},"modified":"2025-05-17T09:13:22","modified_gmt":"2025-05-17T09:13:22","slug":"puolan-presidentinvaalit-2025","status":"publish","type":"page","link":"http:\/\/www.polipolina.com\/index.php\/vaalit\/puolan-presidentinvaalit-2025\/","title":{"rendered":"Puolan presidentinvaalit 2025"},"content":{"rendered":"\n<p>Puola kuuluu Euroopan suurimpien maiden joukkoon ja varsinkin Ukrainan sodan j\u00e4lkimainingeissa se on noussut joidenkin laskuissa jopa Euroopan suurvaltojen joukkoon. 40 miljoonainen Puola on my\u00f6s ollut entisen it\u00e4blokin maista menestyneempi\u00e4. Se ei kuitenkaan ole v\u00e4lttynyt poliittiselta polarisaatiolta ja auktoritaaristen nousulta.<\/p>\n\n\n\n<a href=\"https:\/\/ion.bookbeat.com\/t\/t?a=1517441528&#038;as=1976469341&#038;t=2&#038;tk=1\"><img loading=\"lazy\" decoding=\"async\" src=\"https:\/\/track.adtraction.com\/t\/t?a=1517441528&#038;as=1976469341&#038;t=1&#038;tk=1&#038;i=1\" width=\"980\" height=\"120\" border=\"0\"><\/a>\n\n\n\n<p>Maan parlamenttia hallitsi vuodesta 2015 vuoteen 2023 <strong>Laki ja oikeus<\/strong>-puolue(PiS), joka alkoi systemaattisesti nakertaa oikeusvaltion periaatteita. 2023-vaaleissa Kansalaisfoorumin johtama koalitio kuitenkin onnistui syrj\u00e4ytt\u00e4m\u00e4\u00e4n n\u00e4m\u00e4. Laki ja oikeus-puolueen Andrzej Duda on kuitenkin ollut puolan presidenttin\u00e4 yhdeks\u00e4n vuotta(nyt melkein kaksi t\u00e4ytt\u00e4 kautta). Seuraavat vaalit pidet\u00e4\u00e4n kev\u00e4\u00e4ll\u00e4 2025. Ensimm\u00e4inen kierros j\u00e4rjestet\u00e4\u00e4n 18.5. ja toinen kierros 1.6.<\/p>\n\n\n\n<p>Puolan presidentinvaalit toimivat suomalaisille tutulla systeemill\u00e4. On ensimm\u00e4inen kierros ja jos kukaan ei saa sill\u00e4 50 prosenttia \u00e4\u00e4nist\u00e4, tulee toinen kierros, jossa on mukana kaksi eniten ensimm\u00e4isell\u00e4 kierokksella \u00e4\u00e4ni\u00e4 saanutta ehdokasta. <\/p>\n\n\n\n<p>Pienemmist\u00e4 puolueista laitaoikeistolibertalistinen Nowa Nadzieja on nimennyt ehdokkaakseen S\u0142awomir Mentzenin ja Polska 2050 Szymona Ho\u0142ownin Szymon Ho\u0142ownianin. N\u00e4m\u00e4 eiv\u00e4t ole mit\u00e4tt\u00f6m\u00e4n pieni\u00e4 puolueita, jotka saivat viime parlamenttivaaleissa 14,4 ja 7,2 prosentti\u00e4 \u00e4\u00e4nnist\u00e4, mutta niill\u00e4 ei todenn\u00e4k\u00f6isesti ole kuitenkaan realistisia mahdollisuuksia toiselle kierrokselle. Puola 2025 presidentinvaaleissa taistelu k\u00e4yt\u00e4neen Kansalaisfoorumin ja Laki ja oikeus-puolueen v\u00e4lill\u00e4. Konservatiivista ja nationalistista Laki ja oikeutta edustaa Karol Nawrocki ja  ja Kansalaisfoorumia Rafa\u0142 Trzaskowski.<\/p>\n\n\n<div class=\"wp-block-image\">\n<figure class=\"aligncenter size-full is-resized\"><img loading=\"lazy\" decoding=\"async\" width=\"747\" height=\"707\" src=\"https:\/\/www.polipolina.com\/wp-content\/uploads\/2024\/09\/image-5.png\" alt=\"\" class=\"wp-image-286\" style=\"width:595px;height:auto\" srcset=\"http:\/\/www.polipolina.com\/wp-content\/uploads\/2024\/09\/image-5.png 747w, http:\/\/www.polipolina.com\/wp-content\/uploads\/2024\/09\/image-5-300x284.png 300w\" sizes=\"auto, (max-width: 747px) 100vw, 747px\" \/><\/figure>\n<\/div>\n\n\n<h4 class=\"wp-block-heading\">Puola A ja Puola B<\/h4>\n\n\n\n<p>Puolan kahtiajakautuminen n\u00e4ytt\u00e4ytyy kuten monissa muissakin maissa syrj\u00e4seutupainottuneempien kansalliskonservatiivien ja urbaanempien liberaalien v\u00e4lill\u00e4. Kartalla t\u00e4m\u00e4 n\u00e4kyy kuitenkin yll\u00e4tt\u00e4v\u00e4n selv\u00e4n\u00e4 it\u00e4-l\u00e4nsijakona, jossa Kansalaisfoorumi on vahvempi l\u00e4nness\u00e4(Puola A) ja Laki ja oikeus puolestaan id\u00e4ss\u00e4(Puola B). Toki suuret kaupungit rikkovat jakoa. Varsova on pitk\u00e4ll\u00e4 id\u00e4ss\u00e4 mutta hyvin liberaali ja toisaalta id\u00e4n keskisuuret kaupungit eiv\u00e4t ole yht\u00e4 vahvasti konservatiivien hallussa.<\/p>\n\n\n\n<a href=\"https:\/\/ion.bookbeat.com\/t\/t?a=1517441534&#038;as=1976469341&#038;t=2&#038;tk=1\"><img loading=\"lazy\" decoding=\"async\" src=\"https:\/\/track.adtraction.com\/t\/t?a=1517441534&#038;as=1976469341&#038;t=1&#038;tk=1&#038;i=1\" width=\"120\" height=\"600\" border=\"0\"><\/a>\n\n\n\n<p><\/p>\n","protected":false},"excerpt":{"rendered":"<p>Puola kuuluu Euroopan suurimpien maiden joukkoon ja varsinkin Ukrainan sodan j\u00e4lkimainingeissa se on noussut joidenkin laskuissa jopa Euroopan suurvaltojen joukkoon. 40 miljoonainen Puola on my\u00f6s&hellip;<\/p>\n","protected":false},"author":1,"featured_media":0,"parent":217,"menu_order":0,"comment_status":"closed","ping_status":"closed","template":"","meta":{"footnotes":""},"class_list":["post-235","page","type-page","status-publish","hentry"],"_links":{"self":[{"href":"http:\/\/www.polipolina.com\/index.php\/wp-json\/wp\/v2\/pages\/235","targetHints":{"allow":["GET"]}}],"collection":[{"href":"http:\/\/www.polipolina.com\/index.php\/wp-json\/wp\/v2\/pages"}],"about":[{"href":"http:\/\/www.polipolina.com\/index.php\/wp-json\/wp\/v2\/types\/page"}],"author":[{"embeddable":true,"href":"http:\/\/www.polipolina.com\/index.php\/wp-json\/wp\/v2\/users\/1"}],"replies":[{"embeddable":true,"href":"http:\/\/www.polipolina.com\/index.php\/wp-json\/wp\/v2\/comments?post=235"}],"version-history":[{"count":12,"href":"http:\/\/www.polipolina.com\/index.php\/wp-json\/wp\/v2\/pages\/235\/revisions"}],"predecessor-version":[{"id":2182,"href":"http:\/\/www.polipolina.com\/index.php\/wp-json\/wp\/v2\/pages\/235\/revisions\/2182"}],"up":[{"embeddable":true,"href":"http:\/\/www.polipolina.com\/index.php\/wp-json\/wp\/v2\/pages\/217"}],"wp:attachment":[{"href":"http:\/\/www.polipolina.com\/index.php\/wp-json\/wp\/v2\/media?parent=235"}],"curies":[{"name":"wp","href":"https:\/\/api.w.org\/{rel}","templated":true}]}}